{"id":608,"date":"2023-02-28T11:35:03","date_gmt":"2023-02-28T10:35:03","guid":{"rendered":"https:\/\/www.swaopro.fr\/cms\/?page_id=608"},"modified":"2023-10-18T11:46:41","modified_gmt":"2023-10-18T09:46:41","slug":"faq","status":"publish","type":"page","link":"https:\/\/www.swaopro.fr\/cms\/faq\/","title":{"rendered":"FAQ"},"content":{"rendered":"\n<div class=\"wp-block-group\"><div class=\"wp-block-group__inner-container is-layout-flow wp-block-group-is-layout-flow\"><\/div><\/div>\n\n\n\n<h2 class=\"wp-block-heading\">Que puis-je consulter et faire dans la rubrique &#8220;Mes commandes&#8221; ?<\/h2>\n\n\n\n<p>Vous pouvez suivre vos commandes  en cours (actuellement avec un historique de 2 ans)<\/p>\n\n\n\n<figure class=\"wp-block-image size-large\"><img loading=\"lazy\" decoding=\"async\" width=\"1024\" height=\"374\" src=\"https:\/\/www.belmpro.fr\/wp-content\/uploads\/sites\/5\/2023\/10\/commande-1-1024x374.png\" alt=\"\" class=\"wp-image-2323\" srcset=\"https:\/\/www.belmpro.fr\/wp-content\/uploads\/sites\/5\/2023\/10\/commande-1-1024x374.png 1024w, https:\/\/www.belmpro.fr\/wp-content\/uploads\/sites\/5\/2023\/10\/commande-1-300x110.png 300w, https:\/\/www.belmpro.fr\/wp-content\/uploads\/sites\/5\/2023\/10\/commande-1-768x281.png 768w, https:\/\/www.belmpro.fr\/wp-content\/uploads\/sites\/5\/2023\/10\/commande-1-1536x562.png 1536w, https:\/\/www.belmpro.fr\/wp-content\/uploads\/sites\/5\/2023\/10\/commande-1-600x219.png 600w, https:\/\/www.belmpro.fr\/wp-content\/uploads\/sites\/5\/2023\/10\/commande-1.png 1633w\" sizes=\"auto, (max-width: 1024px) 100vw, 1024px\" \/><figcaption>Ecran Mes commandes <\/figcaption><\/figure>\n\n\n\n<hr class=\"wp-block-separator has-alpha-channel-opacity\"\/>\n\n\n\n<p><strong>Possibilit\u00e9 de filtrer et rechercher <\/strong><\/p>\n\n\n\n<div class=\"wp-block-columns is-layout-flex wp-container-core-columns-is-layout-9d6595d7 wp-block-columns-is-layout-flex\">\n<div class=\"wp-block-column is-layout-flow wp-block-column-is-layout-flow\">\n<figure class=\"wp-block-image size-full\"><img loading=\"lazy\" decoding=\"async\" width=\"387\" height=\"532\" src=\"https:\/\/www.belmpro.fr\/wp-content\/uploads\/sites\/5\/2023\/10\/filtre-1.png\" alt=\"\" class=\"wp-image-2322\" srcset=\"https:\/\/www.belmpro.fr\/wp-content\/uploads\/sites\/5\/2023\/10\/filtre-1.png 387w, https:\/\/www.belmpro.fr\/wp-content\/uploads\/sites\/5\/2023\/10\/filtre-1-218x300.png 218w\" sizes=\"auto, (max-width: 387px) 100vw, 387px\" \/><\/figure>\n<\/div>\n\n\n\n<div class=\"wp-block-column is-layout-flow wp-block-column-is-layout-flow\">\n<ul class=\"wp-block-list\"><li>Filtrer par statut <\/li><li>Rechercher par Num\u00e9ro de commande : Format S00000000<\/li><li>Rechercher par Contremarque \/ nom de votre client  <\/li><\/ul>\n<\/div>\n<\/div>\n\n\n\n<hr class=\"wp-block-separator has-alpha-channel-opacity\"\/>\n\n\n\n<p><strong>Vous pouvez modifier le nombre de commande affich\u00e9 par page<\/strong><\/p>\n\n\n\n<figure class=\"wp-block-image size-full\"><img loading=\"lazy\" decoding=\"async\" width=\"844\" height=\"176\" src=\"https:\/\/www.belmpro.fr\/wp-content\/uploads\/sites\/5\/2023\/10\/nombre-de-commandes.jpg\" alt=\"\" class=\"wp-image-2361\" srcset=\"https:\/\/www.belmpro.fr\/wp-content\/uploads\/sites\/5\/2023\/10\/nombre-de-commandes.jpg 844w, https:\/\/www.belmpro.fr\/wp-content\/uploads\/sites\/5\/2023\/10\/nombre-de-commandes-300x63.jpg 300w, https:\/\/www.belmpro.fr\/wp-content\/uploads\/sites\/5\/2023\/10\/nombre-de-commandes-768x160.jpg 768w, https:\/\/www.belmpro.fr\/wp-content\/uploads\/sites\/5\/2023\/10\/nombre-de-commandes-600x125.jpg 600w\" sizes=\"auto, (max-width: 844px) 100vw, 844px\" \/><\/figure>\n\n\n\n<hr class=\"wp-block-separator has-alpha-channel-opacity\"\/>\n\n\n\n<p><strong>Chaque commande est compos\u00e9e d&#8217;une ent\u00eate de commande et de ligne(s) de commande \u00e0 d\u00e9ploye<\/strong>r. <strong>Vous pourrez \u00e9galement t\u00e9l\u00e9charger votre ARC<\/strong> <strong>et poser une question sur votre commande au bout de l&#8217;ent\u00eate de commande en cliquant sur le pictogramme<\/strong><\/p>\n\n\n\n<figure class=\"wp-block-image size-large\"><img loading=\"lazy\" decoding=\"async\" width=\"1024\" height=\"277\" src=\"https:\/\/www.belmpro.fr\/wp-content\/uploads\/sites\/5\/2023\/10\/ARC-1-1024x277.png\" alt=\"\" class=\"wp-image-2321\" srcset=\"https:\/\/www.belmpro.fr\/wp-content\/uploads\/sites\/5\/2023\/10\/ARC-1-1024x277.png 1024w, https:\/\/www.belmpro.fr\/wp-content\/uploads\/sites\/5\/2023\/10\/ARC-1-300x81.png 300w, https:\/\/www.belmpro.fr\/wp-content\/uploads\/sites\/5\/2023\/10\/ARC-1-768x208.png 768w, https:\/\/www.belmpro.fr\/wp-content\/uploads\/sites\/5\/2023\/10\/ARC-1-600x162.png 600w, https:\/\/www.belmpro.fr\/wp-content\/uploads\/sites\/5\/2023\/10\/ARC-1.png 1202w\" sizes=\"auto, (max-width: 1024px) 100vw, 1024px\" \/><figcaption>Commande avec une ligne et un ARC t\u00e9l\u00e9chargeable<\/figcaption><\/figure>\n\n\n\n<hr class=\"wp-block-separator has-alpha-channel-opacity\"\/>\n\n\n\n<p><strong>D\u00e9clarer un SAV en cliquant sur le bouton SAV en bout de ligne afin de s\u00e9lectionner le produit concern\u00e9<\/strong> <\/p>\n\n\n\n<p>(Facilite votre d\u00e9claration en pr\u00e9remplissant les champs du produits et de la commande)<\/p>\n\n\n\n<figure class=\"wp-block-image size-large\"><img loading=\"lazy\" decoding=\"async\" width=\"1024\" height=\"159\" src=\"https:\/\/www.belmpro.fr\/wp-content\/uploads\/sites\/5\/2023\/10\/SAV-1-1024x159.png\" alt=\"\" class=\"wp-image-2320\" srcset=\"https:\/\/www.belmpro.fr\/wp-content\/uploads\/sites\/5\/2023\/10\/SAV-1-1024x159.png 1024w, https:\/\/www.belmpro.fr\/wp-content\/uploads\/sites\/5\/2023\/10\/SAV-1-300x47.png 300w, https:\/\/www.belmpro.fr\/wp-content\/uploads\/sites\/5\/2023\/10\/SAV-1-768x119.png 768w, https:\/\/www.belmpro.fr\/wp-content\/uploads\/sites\/5\/2023\/10\/SAV-1-600x93.png 600w, https:\/\/www.belmpro.fr\/wp-content\/uploads\/sites\/5\/2023\/10\/SAV-1.png 1202w\" sizes=\"auto, (max-width: 1024px) 100vw, 1024px\" \/><\/figure>\n\n\n\n<div style=\"height:25px\" aria-hidden=\"true\" class=\"wp-block-spacer\"><\/div>\n\n\n\n<hr class=\"wp-block-separator has-alpha-channel-opacity is-style-default\"\/>\n\n\n\n<div style=\"height:25px\" aria-hidden=\"true\" class=\"wp-block-spacer\"><\/div>\n\n\n\n<h2 class=\"wp-block-heading\">Que puis-je consulter et faire dans la rubrique &#8220;Mes devis&#8221; ?<\/h2>\n\n\n\n<p>Je peux trouver les informations concernant mes devis demand\u00e9s \u00e0 SWAO dans un tableau similaire au commande.<\/p>\n\n\n\n<p>Je peux trouver une page d\u00e9di\u00e9 aux chiffrages : pr\u00e9sence de SWAO dans mon outil de chiffrage ou faire une demande de devis complexe directement au service concern\u00e9.<\/p>\n\n\n\n<div style=\"height:25px\" aria-hidden=\"true\" class=\"wp-block-spacer\"><\/div>\n\n\n\n<hr class=\"wp-block-separator has-alpha-channel-opacity\"\/>\n\n\n\n<div style=\"height:25px\" aria-hidden=\"true\" class=\"wp-block-spacer\"><\/div>\n\n\n\n<h2 class=\"wp-block-heading\">Que puis-je consulter et faire dans la rubrique &#8220;Nos d\u00e9lais de livraison&#8221; ?<\/h2>\n\n\n\n<p>Consulter le PDF des d\u00e9lai Maj r\u00e9guli\u00e8rement (au moins une fois par semaine)<\/p>\n\n\n\n<p>Je peux imprimer et t\u00e9l\u00e9charger le pdf, je dispose \u00e9galement d&#8217;une fonction pour l&#8217;envoyer en pi\u00e8ces jointe \u00e0 un contact par email.<\/p>\n\n\n\n<figure class=\"wp-block-image size-large\"><img loading=\"lazy\" decoding=\"async\" width=\"1024\" height=\"273\" src=\"https:\/\/www.belmpro.fr\/wp-content\/uploads\/sites\/5\/2023\/10\/delai-1024x273.png\" alt=\"\" class=\"wp-image-2319\" srcset=\"https:\/\/www.belmpro.fr\/wp-content\/uploads\/sites\/5\/2023\/10\/delai-1024x273.png 1024w, https:\/\/www.belmpro.fr\/wp-content\/uploads\/sites\/5\/2023\/10\/delai-300x80.png 300w, https:\/\/www.belmpro.fr\/wp-content\/uploads\/sites\/5\/2023\/10\/delai-768x204.png 768w, https:\/\/www.belmpro.fr\/wp-content\/uploads\/sites\/5\/2023\/10\/delai-1536x409.png 1536w, https:\/\/www.belmpro.fr\/wp-content\/uploads\/sites\/5\/2023\/10\/delai-600x160.png 600w, https:\/\/www.belmpro.fr\/wp-content\/uploads\/sites\/5\/2023\/10\/delai.png 1627w\" sizes=\"auto, (max-width: 1024px) 100vw, 1024px\" \/><\/figure>\n\n\n\n<div style=\"height:25px\" aria-hidden=\"true\" class=\"wp-block-spacer\"><\/div>\n\n\n\n<hr class=\"wp-block-separator has-alpha-channel-opacity\"\/>\n\n\n\n<div style=\"height:25px\" aria-hidden=\"true\" class=\"wp-block-spacer\"><\/div>\n\n\n\n<h2 class=\"wp-block-heading\">Que puis je consulter et faire dans les rubriques &#8220;Documentation&#8221; et &#8220;M\u00e9diath\u00e8que&#8221; ?<\/h2>\n\n\n\n<p>Vous pouvez consulter et t\u00e9l\u00e9charger les documents ou m\u00e9dia mis \u00e0 votre disposition. <\/p>\n\n\n\n<p>Vous pouvez rechercher par mots clef.<\/p>\n\n\n\n<p>Vous pouvez filtrer \u00e0 l&#8217;aide des diff\u00e9rentes listes d\u00e9roulantes.<\/p>\n\n\n\n<p>Les r\u00e9sultats s&#8217;affichent en dessous, en fonction des \u00e9l\u00e9ments de recherche et de filtre : une liste de r\u00e9sultat apparait, il suffit de descendre afin de charger l&#8217;ensemble des r\u00e9sultats.<\/p>\n\n\n\n<p>En cas d&#8217;absence de document : un formulaire de demande est \u00e0 votre disposition.<\/p>\n\n\n\n<figure class=\"wp-block-image size-large\"><img loading=\"lazy\" decoding=\"async\" width=\"1024\" height=\"530\" src=\"https:\/\/www.belmpro.fr\/wp-content\/uploads\/sites\/5\/2023\/10\/documentation-1024x530.png\" alt=\"\" class=\"wp-image-2324\" srcset=\"https:\/\/www.belmpro.fr\/wp-content\/uploads\/sites\/5\/2023\/10\/documentation-1024x530.png 1024w, https:\/\/www.belmpro.fr\/wp-content\/uploads\/sites\/5\/2023\/10\/documentation-300x155.png 300w, https:\/\/www.belmpro.fr\/wp-content\/uploads\/sites\/5\/2023\/10\/documentation-768x397.png 768w, https:\/\/www.belmpro.fr\/wp-content\/uploads\/sites\/5\/2023\/10\/documentation-1536x794.png 1536w, https:\/\/www.belmpro.fr\/wp-content\/uploads\/sites\/5\/2023\/10\/documentation-600x310.png 600w, https:\/\/www.belmpro.fr\/wp-content\/uploads\/sites\/5\/2023\/10\/documentation.png 1657w\" sizes=\"auto, (max-width: 1024px) 100vw, 1024px\" \/><\/figure>\n\n\n\n<div style=\"height:25px\" aria-hidden=\"true\" class=\"wp-block-spacer\"><\/div>\n\n\n\n<hr class=\"wp-block-separator has-alpha-channel-opacity\"\/>\n\n\n\n<div style=\"height:25px\" aria-hidden=\"true\" class=\"wp-block-spacer\"><\/div>\n\n\n\n<h2 class=\"wp-block-heading\">Que puis-je voir et faire dans la rubrique &#8220;OAV&#8221; &#8211; Outils d&#8217;Aide \u00e0 la Vente ?<\/h2>\n\n\n\n<figure class=\"wp-block-image size-large\"><img loading=\"lazy\" decoding=\"async\" width=\"1024\" height=\"533\" src=\"https:\/\/www.belmpro.fr\/wp-content\/uploads\/sites\/5\/2023\/10\/oav-1024x533.png\" alt=\"\" class=\"wp-image-2325\" srcset=\"https:\/\/www.belmpro.fr\/wp-content\/uploads\/sites\/5\/2023\/10\/oav-1024x533.png 1024w, https:\/\/www.belmpro.fr\/wp-content\/uploads\/sites\/5\/2023\/10\/oav-300x156.png 300w, https:\/\/www.belmpro.fr\/wp-content\/uploads\/sites\/5\/2023\/10\/oav-768x399.png 768w, https:\/\/www.belmpro.fr\/wp-content\/uploads\/sites\/5\/2023\/10\/oav-1536x799.png 1536w, https:\/\/www.belmpro.fr\/wp-content\/uploads\/sites\/5\/2023\/10\/oav-600x312.png 600w, https:\/\/www.belmpro.fr\/wp-content\/uploads\/sites\/5\/2023\/10\/oav.png 1646w\" sizes=\"auto, (max-width: 1024px) 100vw, 1024px\" \/><\/figure>\n\n\n\n<figure class=\"wp-block-image size-full\"><img loading=\"lazy\" decoding=\"async\" width=\"564\" height=\"408\" src=\"https:\/\/www.belmpro.fr\/wp-content\/uploads\/sites\/5\/2023\/10\/panier.png\" alt=\"\" class=\"wp-image-2326\" srcset=\"https:\/\/www.belmpro.fr\/wp-content\/uploads\/sites\/5\/2023\/10\/panier.png 564w, https:\/\/www.belmpro.fr\/wp-content\/uploads\/sites\/5\/2023\/10\/panier-300x217.png 300w\" sizes=\"auto, (max-width: 564px) 100vw, 564px\" \/><\/figure>\n\n\n\n<figure class=\"wp-block-image size-large\"><img loading=\"lazy\" decoding=\"async\" width=\"1024\" height=\"342\" src=\"https:\/\/www.belmpro.fr\/wp-content\/uploads\/sites\/5\/2023\/10\/validation-1024x342.png\" alt=\"\" class=\"wp-image-2327\" srcset=\"https:\/\/www.belmpro.fr\/wp-content\/uploads\/sites\/5\/2023\/10\/validation-1024x342.png 1024w, https:\/\/www.belmpro.fr\/wp-content\/uploads\/sites\/5\/2023\/10\/validation-300x100.png 300w, https:\/\/www.belmpro.fr\/wp-content\/uploads\/sites\/5\/2023\/10\/validation-768x256.png 768w, https:\/\/www.belmpro.fr\/wp-content\/uploads\/sites\/5\/2023\/10\/validation-1536x513.png 1536w, https:\/\/www.belmpro.fr\/wp-content\/uploads\/sites\/5\/2023\/10\/validation-600x200.png 600w, https:\/\/www.belmpro.fr\/wp-content\/uploads\/sites\/5\/2023\/10\/validation.png 1654w\" sizes=\"auto, (max-width: 1024px) 100vw, 1024px\" \/><\/figure>\n\n\n\n<div style=\"height:25px\" aria-hidden=\"true\" class=\"wp-block-spacer\"><\/div>\n\n\n\n<hr class=\"wp-block-separator has-alpha-channel-opacity\"\/>\n\n\n\n<div style=\"height:25px\" aria-hidden=\"true\" class=\"wp-block-spacer\"><\/div>\n\n\n\n<h2 class=\"wp-block-heading\">Qui puis-je voir et faire dans la rubrique &#8220;SAV&#8221; ?<\/h2>\n\n\n\n<figure class=\"wp-block-image size-large\"><img loading=\"lazy\" decoding=\"async\" width=\"1024\" height=\"543\" src=\"https:\/\/www.belmpro.fr\/wp-content\/uploads\/sites\/5\/2023\/10\/SAV-2-1024x543.png\" alt=\"\" class=\"wp-image-2328\" srcset=\"https:\/\/www.belmpro.fr\/wp-content\/uploads\/sites\/5\/2023\/10\/SAV-2-1024x543.png 1024w, https:\/\/www.belmpro.fr\/wp-content\/uploads\/sites\/5\/2023\/10\/SAV-2-300x159.png 300w, https:\/\/www.belmpro.fr\/wp-content\/uploads\/sites\/5\/2023\/10\/SAV-2-768x407.png 768w, https:\/\/www.belmpro.fr\/wp-content\/uploads\/sites\/5\/2023\/10\/SAV-2-1536x815.png 1536w, https:\/\/www.belmpro.fr\/wp-content\/uploads\/sites\/5\/2023\/10\/SAV-2-600x318.png 600w, https:\/\/www.belmpro.fr\/wp-content\/uploads\/sites\/5\/2023\/10\/SAV-2.png 1661w\" sizes=\"auto, (max-width: 1024px) 100vw, 1024px\" \/><\/figure>\n","protected":false},"excerpt":{"rendered":"<p>Que puis-je consulter et faire dans la rubrique &#8220;Mes commandes&#8221; ? Vous pouvez suivre vos commandes en cours (actuellement avec un historique de 2 ans) Possibilit\u00e9 de filtrer et rechercher Filtrer par statut Rechercher par Num\u00e9ro de commande : Format S00000000 Rechercher par Contremarque \/ nom de votre client Vous pouvez modifier le nombre de [&hellip;]<\/p>\n","protected":false},"author":14,"featured_media":0,"parent":0,"menu_order":0,"comment_status":"closed","ping_status":"closed","template":"","meta":{"_acf_changed":false,"footnotes":""},"class_list":["post-608","page","type-page","status-publish","hentry"],"acf":[],"_links":{"self":[{"href":"https:\/\/www.swaopro.fr\/cms\/wp-json\/wp\/v2\/pages\/608","targetHints":{"allow":["GET"]}}],"collection":[{"href":"https:\/\/www.swaopro.fr\/cms\/wp-json\/wp\/v2\/pages"}],"about":[{"href":"https:\/\/www.swaopro.fr\/cms\/wp-json\/wp\/v2\/types\/page"}],"author":[{"embeddable":true,"href":"https:\/\/www.swaopro.fr\/cms\/wp-json\/wp\/v2\/users\/14"}],"replies":[{"embeddable":true,"href":"https:\/\/www.swaopro.fr\/cms\/wp-json\/wp\/v2\/comments?post=608"}],"version-history":[{"count":22,"href":"https:\/\/www.swaopro.fr\/cms\/wp-json\/wp\/v2\/pages\/608\/revisions"}],"predecessor-version":[{"id":2397,"href":"https:\/\/www.swaopro.fr\/cms\/wp-json\/wp\/v2\/pages\/608\/revisions\/2397"}],"wp:attachment":[{"href":"https:\/\/www.swaopro.fr\/cms\/wp-json\/wp\/v2\/media?parent=608"}],"curies":[{"name":"wp","href":"https:\/\/api.w.org\/{rel}","templated":true}]}}